{"id":1076,"date":"2026-01-15T09:29:21","date_gmt":"2026-01-15T09:29:21","guid":{"rendered":"https:\/\/learn-fast.ch\/New\/?page_id=1076"},"modified":"2026-01-21T10:52:40","modified_gmt":"2026-01-21T10:52:40","slug":"fahrschulauto-volvo-ex30","status":"publish","type":"page","link":"https:\/\/www.learn-fast.ch\/New\/praktisches-fahren\/auto\/fahrschulauto-volvo-ex30\/","title":{"rendered":"Volvo EX30"},"content":{"rendered":"<h2>Deine Fahrstunde mit dem <span class=\"uk-text-primary\">Volvo EX30<\/span><\/h2>\n<div>Du lernst im Volvo EX30 ein leises und ruhiges Fahren, das perfekt f\u00fcr Anf\u00e4nger ist. Der intuitive Umgang ohne Schalten, nur mit sanftem Beschleunigen, Bremsen und Rekuperation, macht alles einfacher und reduziert Ablenkungen, damit du dich auf Regeln und Beherrschung fokussierst. Moderne Assistenzsysteme wie 360\u00b0-Kamera, Einparkhilfe, Totwinkelwarner oder Pilot Assist unterst\u00fctzen dich sicher bei Man\u00f6vern. Starte deine Ausbildung im Auto der Zukunft!<\/div>\n<ul>\n<li>\n<\/li>\n<li>\n<\/li>\n<li>\n<\/li>\n<li>\n<\/li>\n<li>\n<\/li>\n<\/ul>\n<div>\n<h2>Assistenz- \/ Sicherheits- und Komfortsysteme im <span class=\"uk-text-primary\">Volvo EX30 <\/span><\/h2>\n<p>Erforderliches Wissen und Fahrerverantwortung<\/p>\n<div>\n<p>Fahrerassistenzfunktionen sollen das Fahren sicherer und entspannter machen \u2013 sie entheben die Person am Steuer aber nicht der Verantwortung, das Fahrzeug so sicher wie m\u00f6glich zu nutzen. Lesen Sie vor der ersten Verwendung einer bestimmten Funktion alle zugeh\u00f6rigen Informationen. Lesen Sie unbedingt den Abschnitt zur Verantwortung der Person am Steuer, um die F\u00e4higkeiten und Begrenzungen der Fahrerassistenzfunktionen Ihres Fahrzeugs zu verstehen.<\/p>\n<\/div>\n<\/div>\n<div>\n<\/div>\n<p><!--more--><br \/>\n<!-- {\"type\":\"layout\",\"children\":[{\"type\":\"section\",\"props\":{\"animation\":\"scale-up\",\"animation_delay\":\"0\",\"image_position\":\"center-center\",\"style\":\"default\",\"title_breakpoint\":\"xl\",\"title_position\":\"top-left\",\"title_rotation\":\"left\",\"vertical_align\":\"middle\",\"width\":\"default\"},\"children\":[{\"type\":\"row\",\"children\":[{\"type\":\"column\",\"props\":{\"image_position\":\"center-center\",\"position_sticky_breakpoint\":\"m\"},\"children\":[{\"type\":\"headline\",\"props\":{\"content\":\"Deine Fahrstunde mit dem <span class=\\\"uk-text-primary\\\">Volvo EX30<\\\/span>\",\"margin\":\"default\",\"maxwidth\":\"2xlarge\",\"title_element\":\"h2\",\"title_style\":\"heading-small\"}},{\"type\":\"text\",\"props\":{\"column_breakpoint\":\"m\",\"content\":\"Du lernst im Volvo EX30 ein leises und ruhiges Fahren, das perfekt f\\u00fcr Anf\\u00e4nger ist. Der intuitive Umgang ohne Schalten, nur mit sanftem Beschleunigen, Bremsen und Rekuperation, macht alles einfacher und reduziert Ablenkungen, damit du dich auf Regeln und Beherrschung fokussierst. Moderne Assistenzsysteme wie 360\\u00b0-Kamera, Einparkhilfe, Totwinkelwarner oder Pilot Assist unterst\\u00fctzen dich sicher bei Man\\u00f6vern. Starte deine Ausbildung im Auto der Zukunft!\",\"margin\":\"default\",\"maxwidth\":\"2xlarge\",\"text_style\":\"lead\"}}]}]}],\"name\":\"Hero\"},{\"type\":\"section\",\"props\":{\"animation\":\"slide-left-small\",\"animation_delay\":\"100\",\"id\":\"Fahrzeug\",\"image\":\"wp-content\\\/uploads\\\/2025\\\/10\\\/Background_Green-scaled.png\",\"image_height\":400,\"image_position\":\"top-left\",\"padding\":\"large\",\"padding_remove_horizontal\":false,\"padding_remove_top\":false,\"style\":\"default\",\"title_breakpoint\":\"xl\",\"title_position\":\"top-left\",\"title_rotation\":\"left\",\"vertical_align\":\"\",\"width\":\"default\"},\"children\":[{\"type\":\"row\",\"props\":{\"layout\":\"1-3,2-3\",\"width\":\"large\"},\"children\":[{\"type\":\"column\",\"props\":{\"image_position\":\"center-center\",\"position_sticky_breakpoint\":\"m\",\"width_medium\":\"1-3\"},\"children\":[{\"type\":\"panel\",\"props\":{\"content\":\"\",\"content_column_breakpoint\":\"m\",\"icon_width\":80,\"image_align\":\"top\",\"image_grid_breakpoint\":\"m\",\"image_grid_width\":\"1-2\",\"image_svg_color\":\"emphasis\",\"link_style\":\"default\",\"link_text\":\"Read more\",\"margin\":\"default\",\"maxwidth\":\"xlarge\",\"maxwidth_breakpoint\":\"m\",\"meta\":\"\",\"meta_align\":\"above-title\",\"meta_color\":\"secondary\",\"meta_element\":\"div\",\"meta_style\":\"h6\",\"text_align\":\"left\",\"text_align_breakpoint\":\"m\",\"text_align_fallback\":\"center\",\"title_align\":\"top\",\"title_element\":\"h2\",\"title_grid_breakpoint\":\"m\",\"title_grid_width\":\"1-2\",\"title_hover_style\":\"reset\"},\"source_extended\":{\"props\":{\"title\":{\"query\":{\"name\":\"#parent\"},\"name\":\"title\"}}}}]},{\"type\":\"column\",\"props\":{\"image_position\":\"center-center\",\"position_sticky_breakpoint\":\"m\",\"vertical_align\":\"middle\",\"width_medium\":\"2-3\"},\"children\":[{\"type\":\"accordion\",\"props\":{\"collapsible\":true,\"content_column_breakpoint\":\"m\",\"image_align\":\"left\",\"image_grid_breakpoint\":\"s\",\"image_grid_column_gap\":\"medium\",\"image_grid_row_gap\":\"small\",\"image_grid_width\":\"auto\",\"image_height\":\"36\",\"image_svg_color\":\"emphasis\",\"image_svg_inline\":true,\"image_width\":\"36\",\"link_style\":\"default\",\"link_text\":\"Read more\",\"margin\":\"default\",\"parallax_easing\":\"1\",\"show_image\":true,\"show_link\":true,\"text_align\":\"left\",\"text_align_breakpoint\":\"s\",\"text_align_fallback\":\"center\"},\"children\":[{\"type\":\"accordion_item\",\"props\":{\"image\":\"\",\"image_alt\":\"Check Icon\"},\"source_extended\":{\"props\":{\"title\":{\"query\":{\"name\":\"#parent\"},\"name\":\"field.titel_vorteil_1\",\"filters\":{\"before\":\"<picture><source type=\\\"image\\\/webp\\\" srcset=\\\"\\\/New\\\/wp-content\\\/themes\\\/yootheme\\\/cache\\\/72\\\/Icon_Check_Green-72a33d88.webp 36w, \\\/New\\\/wp-content\\\/themes\\\/yootheme\\\/cache\\\/99\\\/Icon_Check_Green-99d32739.webp 72w\\\" sizes=\\\"(min-width: 36px) 36px\\\"><img decoding=\\\"async\\\" src=\\\"\\\/New\\\/wp-content\\\/uploads\\\/2025\\\/10\\\/Icon_Check_Green.png\\\" width=\\\"36\\\" height=\\\"36\\\" class=\\\"el-image\\\" alt=\\\"Check Icon\\\" style=\\\"padding-right: 10px;\\\"> <\\\/picture>\"}},\"content\":{\"query\":{\"name\":\"#parent\"},\"name\":\"field.inhalt_vorteil_1\"}}}},{\"type\":\"accordion_item\",\"props\":{\"image\":\"\",\"image_alt\":\"Check Icon\"},\"source_extended\":{\"props\":{\"title\":{\"query\":{\"name\":\"#parent\"},\"name\":\"field.titel_vorteil_2\",\"filters\":{\"before\":\"<picture><source type=\\\"image\\\/webp\\\" srcset=\\\"\\\/New\\\/wp-content\\\/themes\\\/yootheme\\\/cache\\\/72\\\/Icon_Check_Green-72a33d88.webp 36w, \\\/New\\\/wp-content\\\/themes\\\/yootheme\\\/cache\\\/99\\\/Icon_Check_Green-99d32739.webp 72w\\\" sizes=\\\"(min-width: 36px) 36px\\\"><img decoding=\\\"async\\\" src=\\\"\\\/New\\\/wp-content\\\/uploads\\\/2025\\\/10\\\/Icon_Check_Green.png\\\" width=\\\"36\\\" height=\\\"36\\\" class=\\\"el-image\\\" alt=\\\"Check Icon\\\" style=\\\"padding-right: 10px;\\\"> <\\\/picture>\"}},\"content\":{\"query\":{\"name\":\"#parent\"},\"name\":\"field.inhalt_vorteil_2\"}}}},{\"type\":\"accordion_item\",\"props\":{\"image\":\"\",\"image_alt\":\"Check Icon\"},\"source_extended\":{\"props\":{\"title\":{\"query\":{\"name\":\"#parent\"},\"name\":\"field.titel_vorteil_3\",\"filters\":{\"before\":\"<picture><source type=\\\"image\\\/webp\\\" srcset=\\\"\\\/New\\\/wp-content\\\/themes\\\/yootheme\\\/cache\\\/72\\\/Icon_Check_Green-72a33d88.webp 36w, \\\/New\\\/wp-content\\\/themes\\\/yootheme\\\/cache\\\/99\\\/Icon_Check_Green-99d32739.webp 72w\\\" sizes=\\\"(min-width: 36px) 36px\\\"><img decoding=\\\"async\\\" src=\\\"\\\/New\\\/wp-content\\\/uploads\\\/2025\\\/10\\\/Icon_Check_Green.png\\\" width=\\\"36\\\" height=\\\"36\\\" class=\\\"el-image\\\" alt=\\\"Check Icon\\\" style=\\\"padding-right: 10px;\\\"> <\\\/picture>\"}},\"content\":{\"query\":{\"name\":\"#parent\"},\"name\":\"field.inhalt_vorteil_3\"}}}},{\"type\":\"accordion_item\",\"props\":{\"image\":\"\",\"image_alt\":\"Check Icon\"},\"source_extended\":{\"props\":{\"title\":{\"query\":{\"name\":\"#parent\"},\"name\":\"field.titel_vorteil_4\",\"filters\":{\"before\":\"<picture><source type=\\\"image\\\/webp\\\" srcset=\\\"\\\/New\\\/wp-content\\\/themes\\\/yootheme\\\/cache\\\/72\\\/Icon_Check_Green-72a33d88.webp 36w, \\\/New\\\/wp-content\\\/themes\\\/yootheme\\\/cache\\\/99\\\/Icon_Check_Green-99d32739.webp 72w\\\" sizes=\\\"(min-width: 36px) 36px\\\"><img decoding=\\\"async\\\" src=\\\"\\\/New\\\/wp-content\\\/uploads\\\/2025\\\/10\\\/Icon_Check_Green.png\\\" width=\\\"36\\\" height=\\\"36\\\" class=\\\"el-image\\\" alt=\\\"Check Icon\\\" style=\\\"padding-right: 10px;\\\"> <\\\/picture>\"}},\"content\":{\"query\":{\"name\":\"#parent\"},\"name\":\"field.inhalt_vorteil_4\"}}}},{\"type\":\"accordion_item\",\"props\":{\"image\":\"\",\"image_alt\":\"Check Icon\"},\"source_extended\":{\"props\":{\"title\":{\"query\":{\"name\":\"#parent\"},\"name\":\"field.titel_vorteil_5\",\"filters\":{\"before\":\"<picture><source type=\\\"image\\\/webp\\\" srcset=\\\"\\\/New\\\/wp-content\\\/themes\\\/yootheme\\\/cache\\\/72\\\/Icon_Check_Green-72a33d88.webp 36w, \\\/New\\\/wp-content\\\/themes\\\/yootheme\\\/cache\\\/99\\\/Icon_Check_Green-99d32739.webp 72w\\\" sizes=\\\"(min-width: 36px) 36px\\\"><img decoding=\\\"async\\\" src=\\\"\\\/New\\\/wp-content\\\/uploads\\\/2025\\\/10\\\/Icon_Check_Green.png\\\" width=\\\"36\\\" height=\\\"36\\\" class=\\\"el-image\\\" alt=\\\"Check Icon\\\" style=\\\"padding-right: 10px;\\\"> <\\\/picture>\"}},\"content\":{\"query\":{\"name\":\"#parent\"},\"name\":\"field.inhalt_vorteil_5\"}}}}]}]}]}],\"name\":\"Vorteile Volvo\",\"source\":{\"query\":{\"name\":\"posts.customPost\",\"arguments\":{\"terms\":[],\"category_operator\":\"IN\",\"post_tag_operator\":\"IN\",\"users\":[],\"users_operator\":\"IN\",\"offset\":0,\"order\":\"date\",\"order_direction\":\"DESC\",\"id\":915}}}},{\"type\":\"section\",\"props\":{\"animation\":\"slide-left-small\",\"animation_delay\":\"100\",\"image_position\":\"center-center\",\"style\":\"muted\",\"title_breakpoint\":\"xl\",\"title_position\":\"top-left\",\"title_rotation\":\"left\",\"vertical_align\":\"middle\",\"width\":\"default\"},\"children\":[{\"type\":\"row\",\"props\":{\"layout\":\"1-3,2-3\"},\"children\":[{\"type\":\"column\",\"props\":{\"image_position\":\"center-center\",\"position_sticky_breakpoint\":\"m\",\"width_medium\":\"1-3\"},\"children\":[{\"type\":\"panel\",\"props\":{\"content\":\"\n\n<p>Fahrerassistenzfunktionen sollen das Fahren sicherer und entspannter machen \\u2013 sie entheben die Person am Steuer aber nicht der Verantwortung, das Fahrzeug so sicher wie m\\u00f6glich zu nutzen. Lesen Sie vor der ersten Verwendung einer bestimmten Funktion alle zugeh\\u00f6rigen Informationen. Lesen Sie unbedingt den Abschnitt zur Verantwortung der Person am Steuer, um die F\\u00e4higkeiten und Begrenzungen der Fahrerassistenzfunktionen Ihres Fahrzeugs zu verstehen.<\\\/p>\",\"content_column_breakpoint\":\"m\",\"content_style\":\"text-lead\",\"icon_width\":80,\"image_align\":\"top\",\"image_grid_breakpoint\":\"m\",\"image_grid_width\":\"1-2\",\"image_svg_color\":\"emphasis\",\"link_style\":\"default\",\"link_text\":\"Read more\",\"margin\":\"default\",\"maxwidth\":\"xlarge\",\"maxwidth_breakpoint\":\"m\",\"meta\":\"Erforderliches Wissen und Fahrerverantwortung\",\"meta_align\":\"above-title\",\"meta_color\":\"primary\",\"meta_element\":\"div\",\"meta_style\":\"h6\",\"text_align\":\"left\",\"text_align_breakpoint\":\"m\",\"text_align_fallback\":\"center\",\"title\":\"Assistenz- \\\/ Sicherheits- und Komfortsysteme im <span class=\\\"uk-text-primary\\\">Volvo EX30 <\\\/span>\",\"title_align\":\"top\",\"title_element\":\"h2\",\"title_grid_breakpoint\":\"m\",\"title_grid_width\":\"1-2\",\"title_hover_style\":\"reset\"},\"name\":\"Panel Vorlage\"}]},{\"type\":\"column\",\"props\":{\"image_position\":\"center-center\",\"position_sticky_breakpoint\":\"m\",\"vertical_align\":\"bottom\",\"width_medium\":\"2-3\"},\"children\":[{\"type\":\"accordion\",\"props\":{\"collapsible\":true,\"content_column_breakpoint\":\"m\",\"image_align\":\"top\",\"image_grid_breakpoint\":\"m\",\"image_grid_width\":\"1-2\",\"image_svg_color\":\"emphasis\",\"link_style\":\"default\",\"link_text\":\"Read more\",\"margin\":\"default\",\"show_image\":true,\"show_link\":true},\"children\":[{\"type\":\"accordion_item\",\"source\":{\"query\":{\"name\":\"posts.customPosts\",\"arguments\":{\"terms\":[27],\"category_operator\":\"IN\",\"post_tag_operator\":\"IN\",\"users\":[],\"users_operator\":\"IN\",\"offset\":0,\"limit\":20,\"order\":\"date\",\"order_direction\":\"DESC\"}}},\"source_extended\":{\"props\":{\"title\":{\"query\":{\"name\":\"#node\"},\"name\":\"title\"},\"content\":{\"query\":{\"name\":\"#node\"},\"arguments\":{\"show_intro_text\":true},\"name\":\"content\"}}}}]}]}]}],\"name\":\"Assistenzsysteme Volvo\"}],\"version\":\"4.5.32\",\"yooessentialsVersion\":\"2.4.7\"} --><\/p>\n","protected":false},"excerpt":{"rendered":"<p>Deine Fahrstunde mit dem Volvo EX30 Du lernst im Volvo EX30 ein leises und ruhiges Fahren, das perfekt f\u00fcr Anf\u00e4nger ist. Der intuitive Umgang ohne Schalten, nur mit sanftem Beschleunigen, Bremsen und Rekuperation, macht alles einfacher und reduziert Ablenkungen, damit du dich auf Regeln und Beherrschung fokussierst. Moderne Assistenzsysteme wie 360\u00b0-Kamera, Einparkhilfe, Totwinkelwarner oder Pilot [&hellip;]<\/p>\n","protected":false},"author":1,"featured_media":0,"parent":31,"menu_order":0,"comment_status":"closed","ping_status":"closed","template":"","meta":{"_acf_changed":false,"_seopress_robots_primary_cat":"","_seopress_titles_title":"","_seopress_titles_desc":"","_seopress_robots_index":"","footnotes":""},"class_list":["post-1076","page","type-page","status-publish","hentry"],"acf":[],"_links":{"self":[{"href":"https:\/\/www.learn-fast.ch\/New\/wp-json\/wp\/v2\/pages\/1076","targetHints":{"allow":["GET"]}}],"collection":[{"href":"https:\/\/www.learn-fast.ch\/New\/wp-json\/wp\/v2\/pages"}],"about":[{"href":"https:\/\/www.learn-fast.ch\/New\/wp-json\/wp\/v2\/types\/page"}],"author":[{"embeddable":true,"href":"https:\/\/www.learn-fast.ch\/New\/wp-json\/wp\/v2\/users\/1"}],"replies":[{"embeddable":true,"href":"https:\/\/www.learn-fast.ch\/New\/wp-json\/wp\/v2\/comments?post=1076"}],"version-history":[{"count":4,"href":"https:\/\/www.learn-fast.ch\/New\/wp-json\/wp\/v2\/pages\/1076\/revisions"}],"predecessor-version":[{"id":1085,"href":"https:\/\/www.learn-fast.ch\/New\/wp-json\/wp\/v2\/pages\/1076\/revisions\/1085"}],"up":[{"embeddable":true,"href":"https:\/\/www.learn-fast.ch\/New\/wp-json\/wp\/v2\/pages\/31"}],"wp:attachment":[{"href":"https:\/\/www.learn-fast.ch\/New\/wp-json\/wp\/v2\/media?parent=1076"}],"curies":[{"name":"wp","href":"https:\/\/api.w.org\/{rel}","templated":true}]}}