{"id":828,"date":"2025-11-26T12:26:33","date_gmt":"2025-11-26T12:26:33","guid":{"rendered":"https:\/\/learn-fast.ch\/New\/New\/?page_id=828"},"modified":"2026-01-21T10:52:40","modified_gmt":"2026-01-21T10:52:40","slug":"faq","status":"publish","type":"page","link":"https:\/\/www.learn-fast.ch\/New\/faq\/","title":{"rendered":"FAQ"},"content":{"rendered":"<h2><span>Deine Fragen, unsere Antworten<\/span><\/h2>\n<h3>H\u00e4ufige Fragen zu Learn-fast.ch<\/h3>\n<hr>\n<div>\n<\/div>\n<h3>Anh\u00e4nger &#038; Taxi (BE &#038; BPT)<\/h3>\n<hr>\n<div>\n<\/div>\n<h3>Autof\u00fchrerschein (Kat. B)<\/h3>\n<hr>\n<div>\n<\/div>\n<h3>Motorrad (\u00fcber Partner)<\/h3>\n<hr>\n<div>\n<\/div>\n<h3>Theorie &#038; Verkehrskunde<\/h3>\n<hr>\n<div>\n<\/div>\n<h3>Bezahlung &#038; Organisation<\/h3>\n<hr>\n<div>\n<\/div>\n<h3>Pr\u00fcfung &#038; Ablauf<\/h3>\n<hr>\n<div>\n<\/div>\n<h3>Sonstiges<\/h3>\n<hr>\n<div>\n<\/div>\n<p><!--more--><br \/>\n<!-- {\"type\":\"layout\",\"children\":[{\"type\":\"section\",\"props\":{\"animation\":\"scale-up\",\"animation_delay\":\"0\",\"image_position\":\"center-center\",\"style\":\"default\",\"title_breakpoint\":\"xl\",\"title_position\":\"top-left\",\"title_rotation\":\"left\",\"vertical_align\":\"middle\",\"width\":\"default\"},\"children\":[{\"type\":\"row\",\"children\":[{\"type\":\"column\",\"props\":{\"image_position\":\"center-center\",\"position_sticky_breakpoint\":\"m\"},\"children\":[{\"type\":\"headline\",\"props\":{\"content\":\"<span>Deine Fragen, unsere Antworten<\\\/span>\",\"margin\":\"default\",\"maxwidth\":\"2xlarge\",\"title_element\":\"h2\",\"title_style\":\"heading-small\"}}]}]}]},{\"type\":\"section\",\"props\":{\"id\":\"faq\",\"image_position\":\"center-center\",\"style\":\"muted\",\"title_breakpoint\":\"xl\",\"title_position\":\"top-left\",\"title_rotation\":\"left\",\"vertical_align\":\"middle\",\"width\":\"default\"},\"children\":[{\"type\":\"row\",\"props\":{\"layout\":\"1-3,1-3,1-3\",\"width\":\"large\"},\"children\":[{\"type\":\"column\",\"props\":{\"image_position\":\"center-center\",\"position_sticky_breakpoint\":\"m\",\"width_medium\":\"1-3\"},\"children\":[{\"type\":\"headline\",\"props\":{\"content\":\"H\\u00e4ufige Fragen zu Learn-fast.ch\",\"text_align\":\"left\",\"text_align_breakpoint\":\"s\",\"text_align_fallback\":\"center\",\"title_element\":\"h3\"}},{\"type\":\"divider\",\"props\":{\"divider_element\":\"hr\"}},{\"type\":\"accordion\",\"props\":{\"collapsible\":true,\"content_column_breakpoint\":\"m\",\"image_align\":\"left\",\"image_grid_breakpoint\":\"s\",\"image_grid_column_gap\":\"medium\",\"image_grid_row_gap\":\"small\",\"image_grid_width\":\"auto\",\"image_height\":\"36\",\"image_svg_color\":\"emphasis\",\"image_svg_inline\":true,\"image_width\":\"36\",\"link_style\":\"default\",\"link_text\":\"Read more\",\"margin\":\"default\",\"parallax_easing\":\"1\",\"show_image\":true,\"show_link\":true,\"text_align\":\"left\",\"text_align_breakpoint\":\"s\",\"text_align_fallback\":\"center\"},\"children\":[{\"type\":\"accordion_item\",\"props\":{\"image\":\"\"},\"source\":{\"query\":{\"name\":\"posts.customPosts\",\"arguments\":{\"terms\":[17],\"category_operator\":\"IN\",\"post_tag_operator\":\"IN\",\"users\":[],\"users_operator\":\"IN\",\"offset\":0,\"limit\":10,\"order\":\"date\",\"order_direction\":\"DESC\"}}},\"source_extended\":{\"props\":{\"title\":{\"query\":{\"name\":\"#node\"},\"name\":\"title\"},\"content\":{\"query\":{\"name\":\"#node\"},\"arguments\":{\"show_intro_text\":true},\"name\":\"content\"}}}}]},{\"type\":\"headline\",\"props\":{\"content\":\"Anh\\u00e4nger & Taxi (BE & BPT)\",\"text_align\":\"left\",\"text_align_breakpoint\":\"s\",\"text_align_fallback\":\"center\",\"title_element\":\"h3\"}},{\"type\":\"divider\",\"props\":{\"divider_element\":\"hr\"}},{\"type\":\"accordion\",\"props\":{\"collapsible\":true,\"content_column_breakpoint\":\"m\",\"image_align\":\"left\",\"image_grid_breakpoint\":\"s\",\"image_grid_column_gap\":\"medium\",\"image_grid_row_gap\":\"small\",\"image_grid_width\":\"auto\",\"image_height\":\"36\",\"image_svg_color\":\"emphasis\",\"image_svg_inline\":true,\"image_width\":\"36\",\"link_style\":\"default\",\"link_text\":\"Read more\",\"margin\":\"default\",\"parallax_easing\":\"1\",\"show_image\":true,\"show_link\":true,\"text_align\":\"left\",\"text_align_breakpoint\":\"s\",\"text_align_fallback\":\"center\"},\"children\":[{\"type\":\"accordion_item\",\"props\":{\"image\":\"\"},\"source\":{\"query\":{\"name\":\"posts.customPosts\",\"arguments\":{\"terms\":[20],\"category_operator\":\"IN\",\"post_tag_operator\":\"IN\",\"users\":[],\"users_operator\":\"IN\",\"offset\":0,\"limit\":10,\"order\":\"date\",\"order_direction\":\"DESC\"}}},\"source_extended\":{\"props\":{\"title\":{\"query\":{\"name\":\"#node\"},\"name\":\"title\"},\"content\":{\"query\":{\"name\":\"#node\"},\"arguments\":{\"show_intro_text\":true},\"name\":\"content\"}}}}]}]},{\"type\":\"column\",\"props\":{\"image_position\":\"center-center\",\"position_sticky_breakpoint\":\"m\",\"width_medium\":\"1-3\",\"width_small\":\"1-2\"},\"children\":[{\"type\":\"headline\",\"props\":{\"content\":\"Autof\\u00fchrerschein (Kat. B)\",\"text_align\":\"left\",\"text_align_breakpoint\":\"s\",\"text_align_fallback\":\"center\",\"title_element\":\"h3\"}},{\"type\":\"divider\",\"props\":{\"divider_element\":\"hr\"}},{\"type\":\"accordion\",\"props\":{\"collapsible\":true,\"content_column_breakpoint\":\"m\",\"image_align\":\"left\",\"image_grid_breakpoint\":\"s\",\"image_grid_column_gap\":\"medium\",\"image_grid_row_gap\":\"small\",\"image_grid_width\":\"auto\",\"image_height\":\"36\",\"image_svg_color\":\"emphasis\",\"image_svg_inline\":true,\"image_width\":\"36\",\"link_style\":\"default\",\"link_text\":\"Read more\",\"margin\":\"default\",\"parallax_easing\":\"1\",\"show_image\":true,\"show_link\":true,\"text_align\":\"left\",\"text_align_breakpoint\":\"s\",\"text_align_fallback\":\"center\"},\"children\":[{\"type\":\"accordion_item\",\"props\":{\"image\":\"\"},\"source\":{\"query\":{\"name\":\"posts.customPosts\",\"arguments\":{\"terms\":[19],\"category_operator\":\"IN\",\"post_tag_operator\":\"IN\",\"users\":[],\"users_operator\":\"IN\",\"offset\":0,\"limit\":10,\"order\":\"date\",\"order_direction\":\"DESC\"}}},\"source_extended\":{\"props\":{\"title\":{\"query\":{\"name\":\"#node\"},\"name\":\"title\"},\"content\":{\"query\":{\"name\":\"#node\"},\"arguments\":{\"show_intro_text\":true},\"name\":\"content\"}}}}]},{\"type\":\"headline\",\"props\":{\"content\":\"Motorrad (\\u00fcber Partner)\",\"text_align\":\"left\",\"text_align_breakpoint\":\"s\",\"text_align_fallback\":\"center\",\"title_element\":\"h3\"}},{\"type\":\"divider\",\"props\":{\"divider_element\":\"hr\"}},{\"type\":\"accordion\",\"props\":{\"collapsible\":true,\"content_column_breakpoint\":\"m\",\"image_align\":\"left\",\"image_grid_breakpoint\":\"s\",\"image_grid_column_gap\":\"medium\",\"image_grid_row_gap\":\"small\",\"image_grid_width\":\"auto\",\"image_height\":\"36\",\"image_svg_color\":\"emphasis\",\"image_svg_inline\":true,\"image_width\":\"36\",\"link_style\":\"default\",\"link_text\":\"Read more\",\"margin\":\"default\",\"parallax_easing\":\"1\",\"show_image\":true,\"show_link\":true,\"text_align\":\"left\",\"text_align_breakpoint\":\"s\",\"text_align_fallback\":\"center\"},\"children\":[{\"type\":\"accordion_item\",\"props\":{\"image\":\"\"},\"source\":{\"query\":{\"name\":\"posts.customPosts\",\"arguments\":{\"terms\":[21],\"category_operator\":\"IN\",\"post_tag_operator\":\"IN\",\"users\":[],\"users_operator\":\"IN\",\"offset\":0,\"limit\":10,\"order\":\"date\",\"order_direction\":\"DESC\"}}},\"source_extended\":{\"props\":{\"title\":{\"query\":{\"name\":\"#node\"},\"name\":\"title\"},\"content\":{\"query\":{\"name\":\"#node\"},\"arguments\":{\"show_intro_text\":true},\"name\":\"content\"}}}}]},{\"type\":\"headline\",\"props\":{\"content\":\"Theorie & Verkehrskunde\",\"text_align\":\"left\",\"text_align_breakpoint\":\"s\",\"text_align_fallback\":\"center\",\"title_element\":\"h3\"}},{\"type\":\"divider\",\"props\":{\"divider_element\":\"hr\"}},{\"type\":\"accordion\",\"props\":{\"collapsible\":true,\"content_column_breakpoint\":\"m\",\"image_align\":\"left\",\"image_grid_breakpoint\":\"s\",\"image_grid_column_gap\":\"medium\",\"image_grid_row_gap\":\"small\",\"image_grid_width\":\"auto\",\"image_height\":\"36\",\"image_svg_color\":\"emphasis\",\"image_svg_inline\":true,\"image_width\":\"36\",\"link_style\":\"default\",\"link_text\":\"Read more\",\"margin\":\"default\",\"parallax_easing\":\"1\",\"show_image\":true,\"show_link\":true,\"text_align\":\"left\",\"text_align_breakpoint\":\"s\",\"text_align_fallback\":\"center\"},\"children\":[{\"type\":\"accordion_item\",\"props\":{\"image\":\"\"},\"source\":{\"query\":{\"name\":\"posts.customPosts\",\"arguments\":{\"terms\":[18],\"category_operator\":\"IN\",\"post_tag_operator\":\"IN\",\"users\":[],\"users_operator\":\"IN\",\"offset\":0,\"limit\":10,\"order\":\"date\",\"order_direction\":\"DESC\"}}},\"source_extended\":{\"props\":{\"title\":{\"query\":{\"name\":\"#node\"},\"name\":\"title\"},\"content\":{\"query\":{\"name\":\"#node\"},\"arguments\":{\"show_intro_text\":true},\"name\":\"content\"}}}}]},{\"type\":\"headline\",\"props\":{\"content\":\"Bezahlung & Organisation\",\"text_align\":\"left\",\"text_align_breakpoint\":\"s\",\"text_align_fallback\":\"center\",\"title_element\":\"h3\"}},{\"type\":\"divider\",\"props\":{\"divider_element\":\"hr\"}},{\"type\":\"accordion\",\"props\":{\"collapsible\":true,\"content_column_breakpoint\":\"m\",\"image_align\":\"left\",\"image_grid_breakpoint\":\"s\",\"image_grid_column_gap\":\"medium\",\"image_grid_row_gap\":\"small\",\"image_grid_width\":\"auto\",\"image_height\":\"36\",\"image_svg_color\":\"emphasis\",\"image_svg_inline\":true,\"image_width\":\"36\",\"link_style\":\"default\",\"link_text\":\"Read more\",\"margin\":\"default\",\"parallax_easing\":\"1\",\"show_image\":true,\"show_link\":true,\"text_align\":\"left\",\"text_align_breakpoint\":\"s\",\"text_align_fallback\":\"center\"},\"children\":[{\"type\":\"accordion_item\",\"props\":{\"image\":\"\"},\"source\":{\"query\":{\"name\":\"posts.customPosts\",\"arguments\":{\"terms\":[24],\"category_operator\":\"IN\",\"post_tag_operator\":\"IN\",\"users\":[],\"users_operator\":\"IN\",\"offset\":0,\"limit\":10,\"order\":\"date\",\"order_direction\":\"DESC\"}}},\"source_extended\":{\"props\":{\"title\":{\"query\":{\"name\":\"#node\"},\"name\":\"title\"},\"content\":{\"query\":{\"name\":\"#node\"},\"arguments\":{\"show_intro_text\":true},\"name\":\"content\"}}}}]}]},{\"type\":\"column\",\"props\":{\"image_position\":\"center-center\",\"position_sticky_breakpoint\":\"m\",\"width_medium\":\"1-3\",\"width_small\":\"1-2\"},\"children\":[{\"type\":\"headline\",\"props\":{\"content\":\"Pr\\u00fcfung & Ablauf\",\"text_align\":\"left\",\"text_align_breakpoint\":\"s\",\"text_align_fallback\":\"center\",\"title_element\":\"h3\"}},{\"type\":\"divider\",\"props\":{\"divider_element\":\"hr\"}},{\"type\":\"accordion\",\"props\":{\"collapsible\":true,\"content_column_breakpoint\":\"m\",\"image_align\":\"left\",\"image_grid_breakpoint\":\"s\",\"image_grid_column_gap\":\"medium\",\"image_grid_row_gap\":\"small\",\"image_grid_width\":\"auto\",\"image_height\":\"36\",\"image_svg_color\":\"emphasis\",\"image_svg_inline\":true,\"image_width\":\"36\",\"link_style\":\"default\",\"link_text\":\"Read more\",\"margin\":\"default\",\"parallax_easing\":\"1\",\"show_image\":true,\"show_link\":true,\"text_align\":\"left\",\"text_align_breakpoint\":\"s\",\"text_align_fallback\":\"center\"},\"children\":[{\"type\":\"accordion_item\",\"props\":{\"image\":\"\"},\"source\":{\"query\":{\"name\":\"posts.customPosts\",\"arguments\":{\"terms\":[22],\"category_operator\":\"IN\",\"post_tag_operator\":\"IN\",\"users\":[],\"users_operator\":\"IN\",\"offset\":0,\"limit\":10,\"order\":\"date\",\"order_direction\":\"DESC\"}}},\"source_extended\":{\"props\":{\"title\":{\"query\":{\"name\":\"#node\"},\"name\":\"title\"},\"content\":{\"query\":{\"name\":\"#node\"},\"arguments\":{\"show_intro_text\":true},\"name\":\"content\"}}}}]},{\"type\":\"headline\",\"props\":{\"content\":\"Sonstiges\",\"text_align\":\"left\",\"text_align_breakpoint\":\"s\",\"text_align_fallback\":\"center\",\"title_element\":\"h3\"}},{\"type\":\"divider\",\"props\":{\"divider_element\":\"hr\"}},{\"type\":\"accordion\",\"props\":{\"collapsible\":true,\"content_column_breakpoint\":\"m\",\"image_align\":\"left\",\"image_grid_breakpoint\":\"s\",\"image_grid_column_gap\":\"medium\",\"image_grid_row_gap\":\"small\",\"image_grid_width\":\"auto\",\"image_height\":\"36\",\"image_svg_color\":\"emphasis\",\"image_svg_inline\":true,\"image_width\":\"36\",\"link_style\":\"default\",\"link_text\":\"Read more\",\"margin\":\"default\",\"parallax_easing\":\"1\",\"show_image\":true,\"show_link\":true,\"text_align\":\"left\",\"text_align_breakpoint\":\"s\",\"text_align_fallback\":\"center\"},\"children\":[{\"type\":\"accordion_item\",\"props\":{\"image\":\"\"},\"source\":{\"query\":{\"name\":\"posts.customPosts\",\"arguments\":{\"terms\":[23],\"category_operator\":\"IN\",\"post_tag_operator\":\"IN\",\"users\":[],\"users_operator\":\"IN\",\"offset\":0,\"limit\":10,\"order\":\"date\",\"order_direction\":\"DESC\"}}},\"source_extended\":{\"props\":{\"title\":{\"query\":{\"name\":\"#node\"},\"name\":\"title\"},\"content\":{\"query\":{\"name\":\"#node\"},\"arguments\":{\"show_intro_text\":true},\"name\":\"content\"}}}}]}]}]}],\"name\":\"FAQ\"}],\"version\":\"4.5.32\",\"yooessentialsVersion\":\"2.4.7\"} --><\/p>\n","protected":false},"excerpt":{"rendered":"<p>Deine Fragen, unsere Antworten H\u00e4ufige Fragen zu Learn-fast.ch Anh\u00e4nger &#038; Taxi (BE &#038; BPT) Autof\u00fchrerschein (Kat. B) Motorrad (\u00fcber Partner) Theorie &#038; Verkehrskunde Bezahlung &#038; Organisation Pr\u00fcfung &#038; Ablauf Sonstiges<\/p>\n","protected":false},"author":1,"featured_media":0,"parent":0,"menu_order":0,"comment_status":"closed","ping_status":"closed","template":"","meta":{"_acf_changed":false,"_seopress_robots_primary_cat":"","_seopress_titles_title":"","_seopress_titles_desc":"Antworten auf deine Fragen zu Learn-Fast, Fahrstunden, Nothelferkurs, Verkehrskundeunterricht, Anh\u00e4nger & Taxi und Kosten in der Zentralschweiz.","_seopress_robots_index":"","footnotes":""},"class_list":["post-828","page","type-page","status-publish","hentry"],"acf":[],"_links":{"self":[{"href":"https:\/\/www.learn-fast.ch\/New\/wp-json\/wp\/v2\/pages\/828","targetHints":{"allow":["GET"]}}],"collection":[{"href":"https:\/\/www.learn-fast.ch\/New\/wp-json\/wp\/v2\/pages"}],"about":[{"href":"https:\/\/www.learn-fast.ch\/New\/wp-json\/wp\/v2\/types\/page"}],"author":[{"embeddable":true,"href":"https:\/\/www.learn-fast.ch\/New\/wp-json\/wp\/v2\/users\/1"}],"replies":[{"embeddable":true,"href":"https:\/\/www.learn-fast.ch\/New\/wp-json\/wp\/v2\/comments?post=828"}],"version-history":[{"count":4,"href":"https:\/\/www.learn-fast.ch\/New\/wp-json\/wp\/v2\/pages\/828\/revisions"}],"predecessor-version":[{"id":1025,"href":"https:\/\/www.learn-fast.ch\/New\/wp-json\/wp\/v2\/pages\/828\/revisions\/1025"}],"wp:attachment":[{"href":"https:\/\/www.learn-fast.ch\/New\/wp-json\/wp\/v2\/media?parent=828"}],"curies":[{"name":"wp","href":"https:\/\/api.w.org\/{rel}","templated":true}]}}